{"id":308,"date":"2021-02-11T22:01:07","date_gmt":"2021-02-11T21:01:07","guid":{"rendered":"http:\/\/eskhavirov.cz\/new\/?page_id=308"},"modified":"2026-01-05T13:53:09","modified_gmt":"2026-01-05T12:53:09","slug":"jsem-tu-poprve","status":"publish","type":"page","link":"https:\/\/eskhavirov.cz\/cs\/jsem-tu-poprve\/","title":{"rendered":"Jsem tu poprv\u00e9"},"content":{"rendered":"[vc_row type=&#8220;in_container&#8220; full_screen_row_position=&#8220;middle&#8220; column_margin=&#8220;none&#8220; equal_height=&#8220;yes&#8220; content_placement=&#8220;middle&#8220; column_direction=&#8220;default&#8220; column_direction_tablet=&#8220;default&#8220; column_direction_phone=&#8220;default&#8220; scene_position=&#8220;center&#8220; top_padding=&#8220;3%&#8220; bottom_padding=&#8220;5%&#8220; text_color=&#8220;dark&#8220; text_align=&#8220;left&#8220; row_border_radius=&#8220;none&#8220; row_border_radius_applies=&#8220;bg&#8220; id=&#8220;about&#8220; overlay_strength=&#8220;0.3&#8243; gradient_direction=&#8220;left_to_right&#8220; shape_divider_position=&#8220;bottom&#8220; bg_image_animation=&#8220;none&#8220; shape_type=&#8220;&#8220;][vc_column column_padding=&#8220;padding-2-percent&#8220; column_padding_tablet=&#8220;inherit&#8220; column_padding_phone=&#8220;inherit&#8220; column_padding_position=&#8220;top-bottom&#8220; background_color_opacity=&#8220;1&#8243; background_hover_color_opacity=&#8220;1&#8243; column_shadow=&#8220;none&#8220; column_border_radius=&#8220;none&#8220; column_link_target=&#8220;_self&#8220; gradient_direction=&#8220;left_to_right&#8220; overlay_strength=&#8220;0.3&#8243; width=&#8220;1\/1&#8243; tablet_width_inherit=&#8220;default&#8220; tablet_text_alignment=&#8220;default&#8220; phone_text_alignment=&#8220;default&#8220; column_border_width=&#8220;none&#8220; column_border_style=&#8220;solid&#8220; bg_image_animation=&#8220;none&#8220;][vc_row_inner equal_height=&#8220;yes&#8220; content_placement=&#8220;middle&#8220; column_margin=&#8220;default&#8220; column_direction=&#8220;default&#8220; column_direction_tablet=&#8220;default&#8220; column_direction_phone=&#8220;default&#8220; text_align=&#8220;left&#8220;][vc_column_inner column_padding=&#8220;no-extra-padding&#8220; column_padding_tablet=&#8220;inherit&#8220; column_padding_phone=&#8220;inherit&#8220; column_padding_position=&#8220;all&#8220; background_color_opacity=&#8220;1&#8243; background_hover_color_opacity=&#8220;1&#8243; column_shadow=&#8220;none&#8220; column_border_radius=&#8220;none&#8220; column_link_target=&#8220;_self&#8220; gradient_direction=&#8220;left_to_right&#8220; overlay_strength=&#8220;0.3&#8243; width=&#8220;1\/3&#8243; tablet_width_inherit=&#8220;default&#8220; column_border_width=&#8220;none&#8220; column_border_style=&#8220;solid&#8220; bg_image_animation=&#8220;none&#8220; enable_animation=&#8220;true&#8220; animation=&#8220;fade-in-from-bottom&#8220;][vc_column_text]\n<h1>Jste tu poprv\u00e9?<\/h1>\n[\/vc_column_text][divider line_type=&#8220;No Line&#8220; custom_height=&#8220;30&#8243;][vc_column_text max_width=&#8220;500&#8243;]\n<div class=\"row-bg-wrap\" data-bg-animation=\"none\"><\/div>\n<div class=\"col span_12 dark left\">\n<div class=\"vc_col-sm-12 wpb_column column_container vc_column_container col no-extra-padding instance-1\" data-t-w-inherits=\"default\" data-border-radius=\"none\" data-shadow=\"none\" data-border-animation=\"\" data-border-animation-delay=\"\" data-border-width=\"none\" data-border-style=\"solid\" data-border-color=\"\" data-bg-cover=\"\" data-padding-pos=\"all\" data-has-bg-color=\"false\" data-bg-color=\"\" data-bg-opacity=\"1\" data-hover-bg=\"\" data-hover-bg-opacity=\"1\" data-animation=\"\" data-delay=\"0\">\n<div class=\"vc_column-inner\">\n<div class=\"wpb_wrapper\">\n<div class=\"wpb_text_column wpb_content_element \">\n<div class=\"wpb_wrapper\">\n<p>Je skv\u011bl\u00e9, \u017ee jste tady. Jsme k\u0159es\u0165ansk\u00e9 spole\u010denstv\u00ed v Hav\u00ed\u0159ov\u011b. Pokud v\u00e1s zaj\u00edm\u00e1 v\u00edc kdo jsme a v co v\u011b\u0159\u00edme, pus\u0165te si tohle video. Pokud chcete b\u00fdt v obraze co se u n\u00e1s d\u011bje, p\u0159idejte se rovnou do na\u0161\u00ed <a href=\"https:\/\/chat.whatsapp.com\/BDqpjQunL8O7hdRkgRuRjc\">WhatsApp komunity<\/a>.<\/p>\n<\/div>\n<p>&nbsp;<\/p>\n<\/div>\n<\/div>\n<\/div>\n<\/div>\n<\/div>\n[\/vc_column_text][nectar_cta btn_style=&#8220;arrow-animation&#8220; heading_tag=&#8220;h5&#8243; text_color=&#8220;#000000&#8243; button_color=&#8220;default&#8220; link_type=&#8220;regular&#8220; alignment=&#8220;left&#8220; display=&#8220;block&#8220; link_text=&#8220;V\u00edce informac\u00ed o ESK&#8220; url=&#8220;https:\/\/eskhavirov.cz\/esk-havirov\/&#8220;][nectar_cta btn_style=&#8220;arrow-animation&#8220; heading_tag=&#8220;h5&#8243; text_color=&#8220;#000000&#8243; button_color=&#8220;default&#8220; link_type=&#8220;regular&#8220; alignment=&#8220;left&#8220; display=&#8220;block&#8220; link_text=&#8220;Napi\u0161te n\u00e1m&#8220; url=&#8220;https:\/\/eskhavirov.cz\/#kontakt&#8220;][\/vc_column_inner][vc_column_inner column_padding=&#8220;no-extra-padding&#8220; column_padding_tablet=&#8220;inherit&#8220; column_padding_phone=&#8220;inherit&#8220; column_padding_position=&#8220;all&#8220; background_color_opacity=&#8220;1&#8243; background_hover_color_opacity=&#8220;1&#8243; column_shadow=&#8220;none&#8220; column_border_radius=&#8220;none&#8220; column_link_target=&#8220;_self&#8220; gradient_direction=&#8220;left_to_right&#8220; overlay_strength=&#8220;0.3&#8243; width=&#8220;2\/3&#8243; tablet_width_inherit=&#8220;default&#8220; column_border_width=&#8220;none&#8220; column_border_style=&#8220;solid&#8220; bg_image_animation=&#8220;none&#8220; enable_animation=&#8220;true&#8220; animation=&#8220;fade-in-from-right&#8220;][nectar_video_lightbox link_style=&#8220;play_button_2&#8243; nectar_play_button_color=&#8220;Default-Accent-Color&#8220; image_url=&#8220;468&#8243; hover_effect=&#8220;zoom_button&#8220; box_shadow=&#8220;none&#8220; border_radius=&#8220;none&#8220; play_button_size=&#8220;larger&#8220; video_url=&#8220;https:\/\/youtu.be\/eA8DgLw3pLA&#8220;][\/vc_column_inner][\/vc_row_inner][\/vc_column][\/vc_row]\n","protected":false},"excerpt":{"rendered":"<p>[vc_row type=&#8220;in_container&#8220; full_screen_row_position=&#8220;middle&#8220; column_margin=&#8220;none&#8220; equal_height=&#8220;yes&#8220; content_placement=&#8220;middle&#8220; column_direction=&#8220;default&#8220; column_direction_tablet=&#8220;default&#8220; column_direction_phone=&#8220;default&#8220; scene_position=&#8220;center&#8220; top_padding=&#8220;3%&#8220; bottom_padding=&#8220;5%&#8220; text_color=&#8220;dark&#8220; text_align=&#8220;left&#8220; row_border_radius=&#8220;none&#8220; row_border_radius_applies=&#8220;bg&#8220; id=&#8220;about&#8220; overlay_strength=&#8220;0.3&#8243; gradient_direction=&#8220;left_to_right&#8220; shape_divider_position=&#8220;bottom&#8220; bg_image_animation=&#8220;none&#8220; shape_type=&#8220;&#8220;][vc_column column_padding=&#8220;padding-2-percent&#8220; column_padding_tablet=&#8220;inherit&#8220; column_padding_phone=&#8220;inherit&#8220; column_padding_position=&#8220;top-bottom&#8220; background_color_opacity=&#8220;1&#8243; background_hover_color_opacity=&#8220;1&#8243; column_shadow=&#8220;none&#8220; column_border_radius=&#8220;none&#8220;&#8230;<\/p>\n","protected":false},"author":1,"featured_media":0,"parent":0,"menu_order":0,"comment_status":"closed","ping_status":"closed","template":"","meta":{"episode_type":"","audio_file":"","cover_image":"","cover_image_id":"","duration":"","filesize":"","date_recorded":"","explicit":"","block":"","filesize_raw":"","footnotes":""},"class_list":["post-308","page","type-page","status-publish"],"yoast_head":"<!-- This site is optimized with the Yoast SEO plugin v22.8 - https:\/\/yoast.com\/wordpress\/plugins\/seo\/ -->\n<title>Jsem tu poprv\u00e9 - ESK Hav\u00ed\u0159ov<\/title>\n<meta name=\"robots\" content=\"index, follow, max-snippet:-1, max-image-preview:large, max-video-preview:-1\" \/>\n<link rel=\"canonical\" href=\"https:\/\/eskhavirov.cz\/cs\/jsem-tu-poprve\/\" \/>\n<meta property=\"og:locale\" content=\"cs_CZ\" \/>\n<meta property=\"og:type\" content=\"article\" \/>\n<meta property=\"og:title\" content=\"Jsem tu poprv\u00e9 - ESK Hav\u00ed\u0159ov\" \/>\n<meta property=\"og:description\" content=\"[vc_row type=&#8220;in_container&#8220; full_screen_row_position=&#8220;middle&#8220; column_margin=&#8220;none&#8220; equal_height=&#8220;yes&#8220; content_placement=&#8220;middle&#8220; column_direction=&#8220;default&#8220; column_direction_tablet=&#8220;default&#8220; column_direction_phone=&#8220;default&#8220; scene_position=&#8220;center&#8220; top_padding=&#8220;3%&#8220; bottom_padding=&#8220;5%&#8220; text_color=&#8220;dark&#8220; text_align=&#8220;left&#8220; row_border_radius=&#8220;none&#8220; row_border_radius_applies=&#8220;bg&#8220; id=&#8220;about&#8220; overlay_strength=&#8220;0.3&#8243; gradient_direction=&#8220;left_to_right&#8220; shape_divider_position=&#8220;bottom&#8220; bg_image_animation=&#8220;none&#8220; shape_type=&#8220;&#8220;][vc_column column_padding=&#8220;padding-2-percent&#8220; column_padding_tablet=&#8220;inherit&#8220; column_padding_phone=&#8220;inherit&#8220; column_padding_position=&#8220;top-bottom&#8220; background_color_opacity=&#8220;1&#8243; background_hover_color_opacity=&#8220;1&#8243; column_shadow=&#8220;none&#8220; column_border_radius=&#8220;none&#8220;...\" \/>\n<meta property=\"og:url\" content=\"https:\/\/eskhavirov.cz\/cs\/jsem-tu-poprve\/\" \/>\n<meta property=\"og:site_name\" content=\"ESK Hav\u00ed\u0159ov\" \/>\n<meta property=\"article:publisher\" content=\"https:\/\/www.facebook.com\/eskhavirov\/\" \/>\n<meta property=\"article:modified_time\" content=\"2026-01-05T12:53:09+00:00\" \/>\n<meta name=\"twitter:card\" content=\"summary_large_image\" \/>\n<meta name=\"twitter:label1\" content=\"Odhadovan\u00e1 doba \u010dten\u00ed\" \/>\n\t<meta name=\"twitter:data1\" content=\"1 minuta\" \/>\n<script type=\"application\/ld+json\" class=\"yoast-schema-graph\">{\"@context\":\"https:\/\/schema.org\",\"@graph\":[{\"@type\":\"WebPage\",\"@id\":\"https:\/\/eskhavirov.cz\/cs\/jsem-tu-poprve\/\",\"url\":\"https:\/\/eskhavirov.cz\/cs\/jsem-tu-poprve\/\",\"name\":\"Jsem tu poprv\u00e9 - ESK Hav\u00ed\u0159ov\",\"isPartOf\":{\"@id\":\"https:\/\/eskhavirov.cz\/cs\/#website\"},\"datePublished\":\"2021-02-11T21:01:07+00:00\",\"dateModified\":\"2026-01-05T12:53:09+00:00\",\"breadcrumb\":{\"@id\":\"https:\/\/eskhavirov.cz\/cs\/jsem-tu-poprve\/#breadcrumb\"},\"inLanguage\":\"cs\",\"potentialAction\":[{\"@type\":\"ReadAction\",\"target\":[\"https:\/\/eskhavirov.cz\/cs\/jsem-tu-poprve\/\"]}]},{\"@type\":\"BreadcrumbList\",\"@id\":\"https:\/\/eskhavirov.cz\/cs\/jsem-tu-poprve\/#breadcrumb\",\"itemListElement\":[{\"@type\":\"ListItem\",\"position\":1,\"name\":\"Dom\u016f\",\"item\":\"https:\/\/eskhavirov.cz\/cs\/\"},{\"@type\":\"ListItem\",\"position\":2,\"name\":\"Jsem tu poprv\u00e9\"}]},{\"@type\":\"WebSite\",\"@id\":\"https:\/\/eskhavirov.cz\/cs\/#website\",\"url\":\"https:\/\/eskhavirov.cz\/cs\/\",\"name\":\"ESK Hav\u00ed\u0159ov\",\"description\":\"Web protestansk\u00e9 c\u00edrkve v Hav\u00ed\u0159ov\u011b\",\"publisher\":{\"@id\":\"https:\/\/eskhavirov.cz\/cs\/#organization\"},\"potentialAction\":[{\"@type\":\"SearchAction\",\"target\":{\"@type\":\"EntryPoint\",\"urlTemplate\":\"https:\/\/eskhavirov.cz\/cs\/?s={search_term_string}\"},\"query-input\":\"required name=search_term_string\"}],\"inLanguage\":\"cs\"},{\"@type\":\"Organization\",\"@id\":\"https:\/\/eskhavirov.cz\/cs\/#organization\",\"name\":\"Evangelik\u00e1ln\u00ed spole\u010denstv\u00ed k\u0159es\u0165an\u016f z.s. v Hav\u00ed\u0159ov\u011b\",\"url\":\"https:\/\/eskhavirov.cz\/cs\/\",\"logo\":{\"@type\":\"ImageObject\",\"inLanguage\":\"cs\",\"@id\":\"https:\/\/eskhavirov.cz\/cs\/#\/schema\/logo\/image\/\",\"url\":\"https:\/\/eskhavirov.cz\/cs\/wp-content\/uploads\/2021\/02\/cropped-logo-kolecko.png\",\"contentUrl\":\"https:\/\/eskhavirov.cz\/cs\/wp-content\/uploads\/2021\/02\/cropped-logo-kolecko.png\",\"width\":512,\"height\":512,\"caption\":\"Evangelik\u00e1ln\u00ed spole\u010denstv\u00ed k\u0159es\u0165an\u016f z.s. v Hav\u00ed\u0159ov\u011b\"},\"image\":{\"@id\":\"https:\/\/eskhavirov.cz\/cs\/#\/schema\/logo\/image\/\"},\"sameAs\":[\"https:\/\/www.facebook.com\/eskhavirov\/\",\"https:\/\/instagram.com\/eskhavirov\"]}]}<\/script>\n<!-- \/ Yoast SEO plugin. -->","yoast_head_json":{"title":"Jsem tu poprv\u00e9 - ESK Hav\u00ed\u0159ov","robots":{"index":"index","follow":"follow","max-snippet":"max-snippet:-1","max-image-preview":"max-image-preview:large","max-video-preview":"max-video-preview:-1"},"canonical":"https:\/\/eskhavirov.cz\/cs\/jsem-tu-poprve\/","og_locale":"cs_CZ","og_type":"article","og_title":"Jsem tu poprv\u00e9 - ESK Hav\u00ed\u0159ov","og_description":"[vc_row type=&#8220;in_container&#8220; full_screen_row_position=&#8220;middle&#8220; column_margin=&#8220;none&#8220; equal_height=&#8220;yes&#8220; content_placement=&#8220;middle&#8220; column_direction=&#8220;default&#8220; column_direction_tablet=&#8220;default&#8220; column_direction_phone=&#8220;default&#8220; scene_position=&#8220;center&#8220; top_padding=&#8220;3%&#8220; bottom_padding=&#8220;5%&#8220; text_color=&#8220;dark&#8220; text_align=&#8220;left&#8220; row_border_radius=&#8220;none&#8220; row_border_radius_applies=&#8220;bg&#8220; id=&#8220;about&#8220; overlay_strength=&#8220;0.3&#8243; gradient_direction=&#8220;left_to_right&#8220; shape_divider_position=&#8220;bottom&#8220; bg_image_animation=&#8220;none&#8220; shape_type=&#8220;&#8220;][vc_column column_padding=&#8220;padding-2-percent&#8220; column_padding_tablet=&#8220;inherit&#8220; column_padding_phone=&#8220;inherit&#8220; column_padding_position=&#8220;top-bottom&#8220; background_color_opacity=&#8220;1&#8243; background_hover_color_opacity=&#8220;1&#8243; column_shadow=&#8220;none&#8220; column_border_radius=&#8220;none&#8220;...","og_url":"https:\/\/eskhavirov.cz\/cs\/jsem-tu-poprve\/","og_site_name":"ESK Hav\u00ed\u0159ov","article_publisher":"https:\/\/www.facebook.com\/eskhavirov\/","article_modified_time":"2026-01-05T12:53:09+00:00","twitter_card":"summary_large_image","twitter_misc":{"Odhadovan\u00e1 doba \u010dten\u00ed":"1 minuta"},"schema":{"@context":"https:\/\/schema.org","@graph":[{"@type":"WebPage","@id":"https:\/\/eskhavirov.cz\/cs\/jsem-tu-poprve\/","url":"https:\/\/eskhavirov.cz\/cs\/jsem-tu-poprve\/","name":"Jsem tu poprv\u00e9 - ESK Hav\u00ed\u0159ov","isPartOf":{"@id":"https:\/\/eskhavirov.cz\/cs\/#website"},"datePublished":"2021-02-11T21:01:07+00:00","dateModified":"2026-01-05T12:53:09+00:00","breadcrumb":{"@id":"https:\/\/eskhavirov.cz\/cs\/jsem-tu-poprve\/#breadcrumb"},"inLanguage":"cs","potentialAction":[{"@type":"ReadAction","target":["https:\/\/eskhavirov.cz\/cs\/jsem-tu-poprve\/"]}]},{"@type":"BreadcrumbList","@id":"https:\/\/eskhavirov.cz\/cs\/jsem-tu-poprve\/#breadcrumb","itemListElement":[{"@type":"ListItem","position":1,"name":"Dom\u016f","item":"https:\/\/eskhavirov.cz\/cs\/"},{"@type":"ListItem","position":2,"name":"Jsem tu poprv\u00e9"}]},{"@type":"WebSite","@id":"https:\/\/eskhavirov.cz\/cs\/#website","url":"https:\/\/eskhavirov.cz\/cs\/","name":"ESK Hav\u00ed\u0159ov","description":"Web protestansk\u00e9 c\u00edrkve v Hav\u00ed\u0159ov\u011b","publisher":{"@id":"https:\/\/eskhavirov.cz\/cs\/#organization"},"potentialAction":[{"@type":"SearchAction","target":{"@type":"EntryPoint","urlTemplate":"https:\/\/eskhavirov.cz\/cs\/?s={search_term_string}"},"query-input":"required name=search_term_string"}],"inLanguage":"cs"},{"@type":"Organization","@id":"https:\/\/eskhavirov.cz\/cs\/#organization","name":"Evangelik\u00e1ln\u00ed spole\u010denstv\u00ed k\u0159es\u0165an\u016f z.s. v Hav\u00ed\u0159ov\u011b","url":"https:\/\/eskhavirov.cz\/cs\/","logo":{"@type":"ImageObject","inLanguage":"cs","@id":"https:\/\/eskhavirov.cz\/cs\/#\/schema\/logo\/image\/","url":"https:\/\/eskhavirov.cz\/cs\/wp-content\/uploads\/2021\/02\/cropped-logo-kolecko.png","contentUrl":"https:\/\/eskhavirov.cz\/cs\/wp-content\/uploads\/2021\/02\/cropped-logo-kolecko.png","width":512,"height":512,"caption":"Evangelik\u00e1ln\u00ed spole\u010denstv\u00ed k\u0159es\u0165an\u016f z.s. v Hav\u00ed\u0159ov\u011b"},"image":{"@id":"https:\/\/eskhavirov.cz\/cs\/#\/schema\/logo\/image\/"},"sameAs":["https:\/\/www.facebook.com\/eskhavirov\/","https:\/\/instagram.com\/eskhavirov"]}]}},"_links":{"self":[{"href":"https:\/\/eskhavirov.cz\/cs\/wp-json\/wp\/v2\/pages\/308","targetHints":{"allow":["GET"]}}],"collection":[{"href":"https:\/\/eskhavirov.cz\/cs\/wp-json\/wp\/v2\/pages"}],"about":[{"href":"https:\/\/eskhavirov.cz\/cs\/wp-json\/wp\/v2\/types\/page"}],"author":[{"embeddable":true,"href":"https:\/\/eskhavirov.cz\/cs\/wp-json\/wp\/v2\/users\/1"}],"replies":[{"embeddable":true,"href":"https:\/\/eskhavirov.cz\/cs\/wp-json\/wp\/v2\/comments?post=308"}],"version-history":[{"count":36,"href":"https:\/\/eskhavirov.cz\/cs\/wp-json\/wp\/v2\/pages\/308\/revisions"}],"predecessor-version":[{"id":1336,"href":"https:\/\/eskhavirov.cz\/cs\/wp-json\/wp\/v2\/pages\/308\/revisions\/1336"}],"wp:attachment":[{"href":"https:\/\/eskhavirov.cz\/cs\/wp-json\/wp\/v2\/media?parent=308"}],"curies":[{"name":"wp","href":"https:\/\/api.w.org\/{rel}","templated":true}]}}