{"id":358,"date":"2021-02-11T22:24:39","date_gmt":"2021-02-11T21:24:39","guid":{"rendered":"http:\/\/eskhavirov.cz\/new\/?page_id=358"},"modified":"2025-01-24T16:01:18","modified_gmt":"2025-01-24T15:01:18","slug":"nedele-v-esk","status":"publish","type":"page","link":"https:\/\/eskhavirov.cz\/cs\/nedele-v-esk\/","title":{"rendered":"Ned\u011ble v ESK"},"content":{"rendered":"[vc_row type=&#8220;in_container&#8220; full_screen_row_position=&#8220;middle&#8220; column_margin=&#8220;default&#8220; equal_height=&#8220;yes&#8220; content_placement=&#8220;middle&#8220; column_direction=&#8220;default&#8220; column_direction_tablet=&#8220;default&#8220; column_direction_phone=&#8220;default&#8220; scene_position=&#8220;center&#8220; bottom_padding=&#8220;3%&#8220; text_color=&#8220;dark&#8220; text_align=&#8220;left&#8220; row_border_radius=&#8220;none&#8220; row_border_radius_applies=&#8220;bg&#8220; overlay_strength=&#8220;0.3&#8243; gradient_direction=&#8220;left_to_right&#8220; shape_divider_position=&#8220;bottom&#8220; bg_image_animation=&#8220;none&#8220; shape_type=&#8220;&#8220;][vc_column column_padding=&#8220;no-extra-padding&#8220; column_padding_tablet=&#8220;inherit&#8220; column_padding_phone=&#8220;inherit&#8220; column_padding_position=&#8220;all&#8220; background_color_opacity=&#8220;1&#8243; background_hover_color_opacity=&#8220;1&#8243; column_shadow=&#8220;none&#8220; column_border_radius=&#8220;none&#8220; column_link_target=&#8220;_self&#8220; gradient_direction=&#8220;left_to_right&#8220; overlay_strength=&#8220;0.3&#8243; width=&#8220;1\/2&#8243; tablet_width_inherit=&#8220;default&#8220; tablet_text_alignment=&#8220;default&#8220; phone_text_alignment=&#8220;default&#8220; column_border_width=&#8220;none&#8220; column_border_style=&#8220;solid&#8220; bg_image_animation=&#8220;none&#8220;][split_line_heading animation_type=&#8220;line-reveal-by-space&#8220; font_style=&#8220;h1&#8243; text_content=&#8220;Ned\u011ble v ESK&#8220; max_width=&#8220;450&#8243;][\/split_line_heading][vc_column_text]<strong>Ned\u011bln\u00ed bohoslu\u017eba za\u010d\u00edn\u00e1 ka\u017edou ned\u011bli v 10:00.<\/strong> B\u011b\u017en\u00e1 setk\u00e1n\u00ed trvaj\u00ed p\u0159ibli\u017en\u011b 60-70 minut. Na programu je zpravidla k\u00e1z\u00e1n\u00ed v r\u00e1mci m\u011bs\u00ed\u010dn\u00ed s\u00e9rie a n\u011bkolik p\u00edsn\u00ed. P\u0159ed a po programem je k dispozici k\u00e1va nebo drobn\u00e9 ob\u010derstven\u00ed. B\u011bhem bohoslu\u017eby (po bloku p\u00edsn\u00ed od cca 10:15) je zaji\u0161t\u011bn kvalitn\u00ed interaktivn\u00ed program pro d\u011bti ve v\u011bku 3-8 let &#8211; C\u00edrkvi\u010dka. Obvykle prvn\u00ed ned\u011bli v m\u011bs\u00edci na bohoslu\u017eb\u011b spole\u010dn\u011b slav\u00edme Ve\u010de\u0159i P\u00e1n\u011b.[\/vc_column_text][\/vc_column][vc_column column_padding=&#8220;no-extra-padding&#8220; column_padding_tablet=&#8220;inherit&#8220; column_padding_phone=&#8220;inherit&#8220; column_padding_position=&#8220;all&#8220; background_color_opacity=&#8220;1&#8243; background_hover_color_opacity=&#8220;1&#8243; background_image=&#8220;461&#8243; background_image_position=&#8220;center center&#8220; enable_bg_scale=&#8220;true&#8220; column_shadow=&#8220;none&#8220; column_border_radius=&#8220;none&#8220; column_link_target=&#8220;_self&#8220; gradient_direction=&#8220;left_to_right&#8220; overlay_strength=&#8220;0.3&#8243; width=&#8220;1\/2&#8243; tablet_width_inherit=&#8220;default&#8220; tablet_text_alignment=&#8220;default&#8220; phone_text_alignment=&#8220;default&#8220; column_border_width=&#8220;none&#8220; column_border_style=&#8220;solid&#8220; bg_image_animation=&#8220;none&#8220;][\/vc_column][\/vc_row][vc_row type=&#8220;full_width_background&#8220; full_screen_row_position=&#8220;middle&#8220; column_margin=&#8220;default&#8220; equal_height=&#8220;yes&#8220; column_direction=&#8220;default&#8220; column_direction_tablet=&#8220;default&#8220; column_direction_phone=&#8220;default&#8220; scene_position=&#8220;center&#8220; text_color=&#8220;dark&#8220; text_align=&#8220;left&#8220; row_border_radius=&#8220;none&#8220; row_border_radius_applies=&#8220;bg&#8220; color_overlay=&#8220;#f7f7f7&#8243; overlay_strength=&#8220;0.8&#8243; gradient_direction=&#8220;left_t_to_right_b&#8220; shape_divider_position=&#8220;bottom&#8220; bg_image_animation=&#8220;none&#8220; shape_type=&#8220;&#8220;][vc_column column_padding=&#8220;padding-5-percent&#8220; column_padding_tablet=&#8220;inherit&#8220; column_padding_phone=&#8220;inherit&#8220; column_padding_position=&#8220;top-bottom&#8220; background_color_opacity=&#8220;1&#8243; background_hover_color_opacity=&#8220;1&#8243; column_shadow=&#8220;none&#8220; column_border_radius=&#8220;none&#8220; column_link_target=&#8220;_self&#8220; gradient_direction=&#8220;left_to_right&#8220; overlay_strength=&#8220;0.3&#8243; width=&#8220;1\/1&#8243; tablet_width_inherit=&#8220;default&#8220; tablet_text_alignment=&#8220;default&#8220; phone_text_alignment=&#8220;default&#8220; column_border_width=&#8220;none&#8220; column_border_style=&#8220;solid&#8220; bg_image_animation=&#8220;none&#8220; enable_animation=&#8220;true&#8220; animation=&#8220;fade-in&#8220;][split_line_heading animation_type=&#8220;line-reveal-by-space&#8220; font_style=&#8220;h2&#8243; text_content=&#8220;Co m\u016f\u017eete o\u010dek\u00e1vat?&#8220; max_width=&#8220;450&#8243;][\/split_line_heading][vc_column_text]\n<div dir=\"auto\">\n<ul>\n<li><strong>Neform\u00e1ln\u00ed atmosf\u00e9ru\u00a0<\/strong>\u2013 Neklademe d\u016fraz na sv\u00e1te\u010dn\u00ed oble\u010den\u00ed, dosa\u017een\u00e9 vzd\u011bl\u00e1n\u00ed \u010di postaven\u00ed. P\u0159ij\u010f v tom, v \u010dem se c\u00edt\u00ed\u0161 pohodln\u011b a \u201esv\u016fj\u201c. P\u0159ed i po programu m\u00e1me prostor pro kafe nebo \u010daj, co\u017e je skv\u011bl\u00e1 p\u0159\u00edle\u017eitost se bl\u00ed\u017ee poznat a popov\u00eddat si.<\/li>\n<li><strong>Oby\u010dejn\u00e9 lidi<\/strong>\u00a0r\u016fzn\u00fdch v\u011bkov\u00fdch kategori\u00ed, rozli\u010dn\u00fdch povol\u00e1n\u00ed, z\u00e1jm\u016f, ale vyzn\u00e1vaj\u00edc\u00ed spole\u010dn\u00e9 duchovn\u00ed hodnoty a stoj\u00edc\u00ed o duchovn\u00ed dotek skrz Bo\u017e\u00ed slovo, p\u00edsn\u011b a vz\u00e1jemn\u00e9 spole\u010denstv\u00ed.<\/li>\n<li><strong>Biblick\u00e9 t\u00e9ma<\/strong>\u00a0(k\u00e1z\u00e1n\u00ed) \u2013 sna\u017e\u00edme se reagovat na aktu\u00e1ln\u00ed pot\u0159eby a probl\u00e9my a tak\u00e9 p\u0159ed\u00e1vat hlavn\u00ed poselstv\u00ed Bible, o kter\u00e9 v\u011b\u0159\u00edme, \u017ee je st\u00e1le aktu\u00e1ln\u00edm dopisem od Boha pro \u010dlov\u011bka.<\/li>\n<li><strong>Hudbu<\/strong>\u00a0\u2013 tu na\u0161e spole\u010denstv\u00ed miluje a mnoho obdarovan\u00fdch hudebn\u00edk\u016f zpest\u0159\u00ed ned\u011bln\u00ed setk\u00e1n\u00ed kr\u00e1sn\u00fdmi modern\u00edmi p\u00edsn\u011bmi. \u0158\u00edk\u00e1me tomu tak\u00e9 chv\u00e1ly nebo uct\u00edv\u00e1n\u00ed. V\u011b\u0159\u00edme, \u017ee B\u016fh se skrze hudbu um\u00ed jedine\u010dn\u011b dotknout lidsk\u00e9ho srdce.<\/li>\n<\/ul>\n<\/div>\n[\/vc_column_text][\/vc_column][\/vc_row][vc_row type=&#8220;in_container&#8220; full_screen_row_position=&#8220;middle&#8220; column_margin=&#8220;none&#8220; equal_height=&#8220;yes&#8220; content_placement=&#8220;middle&#8220; column_direction=&#8220;default&#8220; column_direction_tablet=&#8220;default&#8220; column_direction_phone=&#8220;default&#8220; scene_position=&#8220;center&#8220; top_padding=&#8220;3%&#8220; bottom_padding=&#8220;5%&#8220; text_color=&#8220;dark&#8220; text_align=&#8220;left&#8220; row_border_radius=&#8220;none&#8220; row_border_radius_applies=&#8220;bg&#8220; id=&#8220;about&#8220; overlay_strength=&#8220;0.3&#8243; gradient_direction=&#8220;left_to_right&#8220; shape_divider_position=&#8220;bottom&#8220; bg_image_animation=&#8220;none&#8220; shape_type=&#8220;&#8220;][vc_column column_padding=&#8220;padding-5-percent&#8220; column_padding_tablet=&#8220;inherit&#8220; column_padding_phone=&#8220;inherit&#8220; column_padding_position=&#8220;all&#8220; background_color_opacity=&#8220;1&#8243; background_hover_color_opacity=&#8220;1&#8243; background_image=&#8220;523&#8243; background_image_position=&#8220;center center&#8220; enable_bg_scale=&#8220;true&#8220; column_shadow=&#8220;none&#8220; column_border_radius=&#8220;none&#8220; column_link_target=&#8220;_self&#8220; gradient_direction=&#8220;left_to_right&#8220; overlay_strength=&#8220;0.3&#8243; width=&#8220;1\/3&#8243; tablet_width_inherit=&#8220;default&#8220; tablet_text_alignment=&#8220;default&#8220; phone_text_alignment=&#8220;default&#8220; column_border_width=&#8220;none&#8220; column_border_style=&#8220;solid&#8220; bg_image_animation=&#8220;zoom-out-reveal&#8220;][divider line_type=&#8220;No Line&#8220; custom_height=&#8220;300&#8243;][\/vc_column][vc_column column_padding=&#8220;padding-4-percent&#8220; column_padding_tablet=&#8220;inherit&#8220; column_padding_phone=&#8220;inherit&#8220; column_padding_position=&#8220;left&#8220; background_color_opacity=&#8220;1&#8243; background_hover_color_opacity=&#8220;1&#8243; column_shadow=&#8220;none&#8220; column_border_radius=&#8220;none&#8220; column_link_target=&#8220;_self&#8220; gradient_direction=&#8220;left_to_right&#8220; overlay_strength=&#8220;0.3&#8243; width=&#8220;2\/3&#8243; tablet_width_inherit=&#8220;default&#8220; tablet_text_alignment=&#8220;default&#8220; phone_text_alignment=&#8220;default&#8220; column_border_width=&#8220;none&#8220; column_border_style=&#8220;solid&#8220; bg_image_animation=&#8220;none&#8220;][split_line_heading animation_type=&#8220;line-reveal-by-space&#8220; font_style=&#8220;h2&#8243; text_content=&#8220;Dom\u00e1c\u00ed skupiny&#8220; max_width=&#8220;450&#8243;][\/split_line_heading][vc_row_inner column_margin=&#8220;default&#8220; column_direction=&#8220;default&#8220; column_direction_tablet=&#8220;default&#8220; column_direction_phone=&#8220;default&#8220; text_align=&#8220;left&#8220;][vc_column_inner column_padding=&#8220;no-extra-padding&#8220; column_padding_tablet=&#8220;inherit&#8220; column_padding_phone=&#8220;inherit&#8220; column_padding_position=&#8220;right&#8220; background_color_opacity=&#8220;1&#8243; background_hover_color_opacity=&#8220;1&#8243; column_shadow=&#8220;none&#8220; column_border_radius=&#8220;none&#8220; column_link_target=&#8220;_self&#8220; gradient_direction=&#8220;left_to_right&#8220; overlay_strength=&#8220;0.3&#8243; width=&#8220;1\/1&#8243; tablet_width_inherit=&#8220;default&#8220; column_border_width=&#8220;none&#8220; column_border_style=&#8220;solid&#8220; bg_image_animation=&#8220;none&#8220; enable_animation=&#8220;true&#8220; animation=&#8220;fade-in-from-bottom&#8220;][vc_column_text]\n<div dir=\"auto\">\n<p>Tato setk\u00e1n\u00ed prob\u00edhaj\u00ed u r\u016fzn\u00fdch vedouc\u00edch doma v\u011bt\u0161inou\u00a0ve frekvenci co 14 dn\u00ed.<br \/>\nNa ka\u017ed\u00e9 skupin\u011b se n\u00e1s obvykle sch\u00e1z\u00ed 5-10. Zpravidla spolu tak\u00e9 \u010dteme Bibli a bav\u00edme se o jej\u00ed aplikaci do na\u0161eho \u017eivota.<br \/>\nJsi v\u00edt\u00e1n p\u0159ij\u00edt a vyzkou\u0161et, kter\u00e1 skupina by ti sedla. Proto\u017ee se m\u00edsta setk\u00e1n\u00ed m\u011bn\u00ed, domluv se p\u0159\u00edmo s n\u011bkter\u00fdm z vedouc\u00edch, nebo napi\u0161 na tento <a href=\"mailto:oszturc@eskhavirov.cz\" target=\"_blank\" rel=\"noopener\">email<\/a>.<\/p>\n<\/div>\n[\/vc_column_text][\/vc_column_inner][\/vc_row_inner][\/vc_column][\/vc_row]\n","protected":false},"excerpt":{"rendered":"<p>[vc_row type=&#8220;in_container&#8220; full_screen_row_position=&#8220;middle&#8220; column_margin=&#8220;default&#8220; equal_height=&#8220;yes&#8220; content_placement=&#8220;middle&#8220; column_direction=&#8220;default&#8220; column_direction_tablet=&#8220;default&#8220; column_direction_phone=&#8220;default&#8220; scene_position=&#8220;center&#8220; bottom_padding=&#8220;3%&#8220; text_color=&#8220;dark&#8220; text_align=&#8220;left&#8220; row_border_radius=&#8220;none&#8220; row_border_radius_applies=&#8220;bg&#8220; overlay_strength=&#8220;0.3&#8243; gradient_direction=&#8220;left_to_right&#8220; shape_divider_position=&#8220;bottom&#8220; bg_image_animation=&#8220;none&#8220; shape_type=&#8220;&#8220;][vc_column column_padding=&#8220;no-extra-padding&#8220; column_padding_tablet=&#8220;inherit&#8220; column_padding_phone=&#8220;inherit&#8220; column_padding_position=&#8220;all&#8220; background_color_opacity=&#8220;1&#8243; background_hover_color_opacity=&#8220;1&#8243; column_shadow=&#8220;none&#8220; column_border_radius=&#8220;none&#8220; column_link_target=&#8220;_self&#8220; gradient_direction=&#8220;left_to_right&#8220;&#8230;<\/p>\n","protected":false},"author":1,"featured_media":0,"parent":0,"menu_order":0,"comment_status":"closed","ping_status":"closed","template":"","meta":{"episode_type":"","audio_file":"","cover_image":"","cover_image_id":"","duration":"","filesize":"","date_recorded":"","explicit":"","block":"","filesize_raw":"","footnotes":""},"class_list":["post-358","page","type-page","status-publish"],"yoast_head":"<!-- This site is optimized with the Yoast SEO plugin v22.8 - https:\/\/yoast.com\/wordpress\/plugins\/seo\/ -->\n<title>Ned\u011ble v ESK - ESK Hav\u00ed\u0159ov<\/title>\n<meta name=\"robots\" content=\"index, follow, max-snippet:-1, max-image-preview:large, max-video-preview:-1\" \/>\n<link rel=\"canonical\" href=\"https:\/\/eskhavirov.cz\/cs\/nedele-v-esk\/\" \/>\n<meta property=\"og:locale\" content=\"cs_CZ\" \/>\n<meta property=\"og:type\" content=\"article\" \/>\n<meta property=\"og:title\" content=\"Ned\u011ble v ESK - ESK Hav\u00ed\u0159ov\" \/>\n<meta property=\"og:description\" content=\"[vc_row type=&#8220;in_container&#8220; full_screen_row_position=&#8220;middle&#8220; column_margin=&#8220;default&#8220; equal_height=&#8220;yes&#8220; content_placement=&#8220;middle&#8220; column_direction=&#8220;default&#8220; column_direction_tablet=&#8220;default&#8220; column_direction_phone=&#8220;default&#8220; scene_position=&#8220;center&#8220; bottom_padding=&#8220;3%&#8220; text_color=&#8220;dark&#8220; text_align=&#8220;left&#8220; row_border_radius=&#8220;none&#8220; row_border_radius_applies=&#8220;bg&#8220; overlay_strength=&#8220;0.3&#8243; gradient_direction=&#8220;left_to_right&#8220; shape_divider_position=&#8220;bottom&#8220; bg_image_animation=&#8220;none&#8220; shape_type=&#8220;&#8220;][vc_column column_padding=&#8220;no-extra-padding&#8220; column_padding_tablet=&#8220;inherit&#8220; column_padding_phone=&#8220;inherit&#8220; column_padding_position=&#8220;all&#8220; background_color_opacity=&#8220;1&#8243; background_hover_color_opacity=&#8220;1&#8243; column_shadow=&#8220;none&#8220; column_border_radius=&#8220;none&#8220; column_link_target=&#8220;_self&#8220; gradient_direction=&#8220;left_to_right&#8220;...\" \/>\n<meta property=\"og:url\" content=\"https:\/\/eskhavirov.cz\/cs\/nedele-v-esk\/\" \/>\n<meta property=\"og:site_name\" content=\"ESK Hav\u00ed\u0159ov\" \/>\n<meta property=\"article:publisher\" content=\"https:\/\/www.facebook.com\/eskhavirov\/\" \/>\n<meta property=\"article:modified_time\" content=\"2025-01-24T15:01:18+00:00\" \/>\n<meta name=\"twitter:card\" content=\"summary_large_image\" \/>\n<meta name=\"twitter:label1\" content=\"Odhadovan\u00e1 doba \u010dten\u00ed\" \/>\n\t<meta name=\"twitter:data1\" content=\"3 minuty\" \/>\n<script type=\"application\/ld+json\" class=\"yoast-schema-graph\">{\"@context\":\"https:\/\/schema.org\",\"@graph\":[{\"@type\":\"WebPage\",\"@id\":\"https:\/\/eskhavirov.cz\/cs\/nedele-v-esk\/\",\"url\":\"https:\/\/eskhavirov.cz\/cs\/nedele-v-esk\/\",\"name\":\"Ned\u011ble v ESK - ESK Hav\u00ed\u0159ov\",\"isPartOf\":{\"@id\":\"https:\/\/eskhavirov.cz\/cs\/#website\"},\"datePublished\":\"2021-02-11T21:24:39+00:00\",\"dateModified\":\"2025-01-24T15:01:18+00:00\",\"breadcrumb\":{\"@id\":\"https:\/\/eskhavirov.cz\/cs\/nedele-v-esk\/#breadcrumb\"},\"inLanguage\":\"cs\",\"potentialAction\":[{\"@type\":\"ReadAction\",\"target\":[\"https:\/\/eskhavirov.cz\/cs\/nedele-v-esk\/\"]}]},{\"@type\":\"BreadcrumbList\",\"@id\":\"https:\/\/eskhavirov.cz\/cs\/nedele-v-esk\/#breadcrumb\",\"itemListElement\":[{\"@type\":\"ListItem\",\"position\":1,\"name\":\"Dom\u016f\",\"item\":\"https:\/\/eskhavirov.cz\/cs\/\"},{\"@type\":\"ListItem\",\"position\":2,\"name\":\"Ned\u011ble v ESK\"}]},{\"@type\":\"WebSite\",\"@id\":\"https:\/\/eskhavirov.cz\/cs\/#website\",\"url\":\"https:\/\/eskhavirov.cz\/cs\/\",\"name\":\"ESK Hav\u00ed\u0159ov\",\"description\":\"Web protestansk\u00e9 c\u00edrkve v Hav\u00ed\u0159ov\u011b\",\"publisher\":{\"@id\":\"https:\/\/eskhavirov.cz\/cs\/#organization\"},\"potentialAction\":[{\"@type\":\"SearchAction\",\"target\":{\"@type\":\"EntryPoint\",\"urlTemplate\":\"https:\/\/eskhavirov.cz\/cs\/?s={search_term_string}\"},\"query-input\":\"required name=search_term_string\"}],\"inLanguage\":\"cs\"},{\"@type\":\"Organization\",\"@id\":\"https:\/\/eskhavirov.cz\/cs\/#organization\",\"name\":\"Evangelik\u00e1ln\u00ed spole\u010denstv\u00ed k\u0159es\u0165an\u016f z.s. v Hav\u00ed\u0159ov\u011b\",\"url\":\"https:\/\/eskhavirov.cz\/cs\/\",\"logo\":{\"@type\":\"ImageObject\",\"inLanguage\":\"cs\",\"@id\":\"https:\/\/eskhavirov.cz\/cs\/#\/schema\/logo\/image\/\",\"url\":\"https:\/\/eskhavirov.cz\/cs\/wp-content\/uploads\/2021\/02\/cropped-logo-kolecko.png\",\"contentUrl\":\"https:\/\/eskhavirov.cz\/cs\/wp-content\/uploads\/2021\/02\/cropped-logo-kolecko.png\",\"width\":512,\"height\":512,\"caption\":\"Evangelik\u00e1ln\u00ed spole\u010denstv\u00ed k\u0159es\u0165an\u016f z.s. v Hav\u00ed\u0159ov\u011b\"},\"image\":{\"@id\":\"https:\/\/eskhavirov.cz\/cs\/#\/schema\/logo\/image\/\"},\"sameAs\":[\"https:\/\/www.facebook.com\/eskhavirov\/\",\"https:\/\/instagram.com\/eskhavirov\"]}]}<\/script>\n<!-- \/ Yoast SEO plugin. -->","yoast_head_json":{"title":"Ned\u011ble v ESK - ESK Hav\u00ed\u0159ov","robots":{"index":"index","follow":"follow","max-snippet":"max-snippet:-1","max-image-preview":"max-image-preview:large","max-video-preview":"max-video-preview:-1"},"canonical":"https:\/\/eskhavirov.cz\/cs\/nedele-v-esk\/","og_locale":"cs_CZ","og_type":"article","og_title":"Ned\u011ble v ESK - ESK Hav\u00ed\u0159ov","og_description":"[vc_row type=&#8220;in_container&#8220; full_screen_row_position=&#8220;middle&#8220; column_margin=&#8220;default&#8220; equal_height=&#8220;yes&#8220; content_placement=&#8220;middle&#8220; column_direction=&#8220;default&#8220; column_direction_tablet=&#8220;default&#8220; column_direction_phone=&#8220;default&#8220; scene_position=&#8220;center&#8220; bottom_padding=&#8220;3%&#8220; text_color=&#8220;dark&#8220; text_align=&#8220;left&#8220; row_border_radius=&#8220;none&#8220; row_border_radius_applies=&#8220;bg&#8220; overlay_strength=&#8220;0.3&#8243; gradient_direction=&#8220;left_to_right&#8220; shape_divider_position=&#8220;bottom&#8220; bg_image_animation=&#8220;none&#8220; shape_type=&#8220;&#8220;][vc_column column_padding=&#8220;no-extra-padding&#8220; column_padding_tablet=&#8220;inherit&#8220; column_padding_phone=&#8220;inherit&#8220; column_padding_position=&#8220;all&#8220; background_color_opacity=&#8220;1&#8243; background_hover_color_opacity=&#8220;1&#8243; column_shadow=&#8220;none&#8220; column_border_radius=&#8220;none&#8220; column_link_target=&#8220;_self&#8220; gradient_direction=&#8220;left_to_right&#8220;...","og_url":"https:\/\/eskhavirov.cz\/cs\/nedele-v-esk\/","og_site_name":"ESK Hav\u00ed\u0159ov","article_publisher":"https:\/\/www.facebook.com\/eskhavirov\/","article_modified_time":"2025-01-24T15:01:18+00:00","twitter_card":"summary_large_image","twitter_misc":{"Odhadovan\u00e1 doba \u010dten\u00ed":"3 minuty"},"schema":{"@context":"https:\/\/schema.org","@graph":[{"@type":"WebPage","@id":"https:\/\/eskhavirov.cz\/cs\/nedele-v-esk\/","url":"https:\/\/eskhavirov.cz\/cs\/nedele-v-esk\/","name":"Ned\u011ble v ESK - ESK Hav\u00ed\u0159ov","isPartOf":{"@id":"https:\/\/eskhavirov.cz\/cs\/#website"},"datePublished":"2021-02-11T21:24:39+00:00","dateModified":"2025-01-24T15:01:18+00:00","breadcrumb":{"@id":"https:\/\/eskhavirov.cz\/cs\/nedele-v-esk\/#breadcrumb"},"inLanguage":"cs","potentialAction":[{"@type":"ReadAction","target":["https:\/\/eskhavirov.cz\/cs\/nedele-v-esk\/"]}]},{"@type":"BreadcrumbList","@id":"https:\/\/eskhavirov.cz\/cs\/nedele-v-esk\/#breadcrumb","itemListElement":[{"@type":"ListItem","position":1,"name":"Dom\u016f","item":"https:\/\/eskhavirov.cz\/cs\/"},{"@type":"ListItem","position":2,"name":"Ned\u011ble v ESK"}]},{"@type":"WebSite","@id":"https:\/\/eskhavirov.cz\/cs\/#website","url":"https:\/\/eskhavirov.cz\/cs\/","name":"ESK Hav\u00ed\u0159ov","description":"Web protestansk\u00e9 c\u00edrkve v Hav\u00ed\u0159ov\u011b","publisher":{"@id":"https:\/\/eskhavirov.cz\/cs\/#organization"},"potentialAction":[{"@type":"SearchAction","target":{"@type":"EntryPoint","urlTemplate":"https:\/\/eskhavirov.cz\/cs\/?s={search_term_string}"},"query-input":"required name=search_term_string"}],"inLanguage":"cs"},{"@type":"Organization","@id":"https:\/\/eskhavirov.cz\/cs\/#organization","name":"Evangelik\u00e1ln\u00ed spole\u010denstv\u00ed k\u0159es\u0165an\u016f z.s. v Hav\u00ed\u0159ov\u011b","url":"https:\/\/eskhavirov.cz\/cs\/","logo":{"@type":"ImageObject","inLanguage":"cs","@id":"https:\/\/eskhavirov.cz\/cs\/#\/schema\/logo\/image\/","url":"https:\/\/eskhavirov.cz\/cs\/wp-content\/uploads\/2021\/02\/cropped-logo-kolecko.png","contentUrl":"https:\/\/eskhavirov.cz\/cs\/wp-content\/uploads\/2021\/02\/cropped-logo-kolecko.png","width":512,"height":512,"caption":"Evangelik\u00e1ln\u00ed spole\u010denstv\u00ed k\u0159es\u0165an\u016f z.s. v Hav\u00ed\u0159ov\u011b"},"image":{"@id":"https:\/\/eskhavirov.cz\/cs\/#\/schema\/logo\/image\/"},"sameAs":["https:\/\/www.facebook.com\/eskhavirov\/","https:\/\/instagram.com\/eskhavirov"]}]}},"_links":{"self":[{"href":"https:\/\/eskhavirov.cz\/cs\/wp-json\/wp\/v2\/pages\/358","targetHints":{"allow":["GET"]}}],"collection":[{"href":"https:\/\/eskhavirov.cz\/cs\/wp-json\/wp\/v2\/pages"}],"about":[{"href":"https:\/\/eskhavirov.cz\/cs\/wp-json\/wp\/v2\/types\/page"}],"author":[{"embeddable":true,"href":"https:\/\/eskhavirov.cz\/cs\/wp-json\/wp\/v2\/users\/1"}],"replies":[{"embeddable":true,"href":"https:\/\/eskhavirov.cz\/cs\/wp-json\/wp\/v2\/comments?post=358"}],"version-history":[{"count":23,"href":"https:\/\/eskhavirov.cz\/cs\/wp-json\/wp\/v2\/pages\/358\/revisions"}],"predecessor-version":[{"id":1036,"href":"https:\/\/eskhavirov.cz\/cs\/wp-json\/wp\/v2\/pages\/358\/revisions\/1036"}],"wp:attachment":[{"href":"https:\/\/eskhavirov.cz\/cs\/wp-json\/wp\/v2\/media?parent=358"}],"curies":[{"name":"wp","href":"https:\/\/api.w.org\/{rel}","templated":true}]}}